{"id":1462,"date":"2021-02-22T17:13:59","date_gmt":"2021-02-22T17:13:59","guid":{"rendered":"https:\/\/www.michelleonbell.com\/blog\/?page_id=1462"},"modified":"2021-03-09T21:58:23","modified_gmt":"2021-03-09T21:58:23","slug":"privacy-policy","status":"publish","type":"page","link":"https:\/\/www.michelleonbell.com\/blog\/privacy-policy\/","title":{"rendered":"Aviso de Privacidad"},"content":{"rendered":"\n<p>El aviso de privacidad forma parte del uso del sitio web www.michelleonbell.com<\/p>\n\n\n\n<p><strong>RESPONSABLE<\/strong><\/p>\n\n\n\n<p>La responsabilidad de protecci\u00f3n de est\u00e1 a cargo de Michelle Meyer que puede ser contactada por correo electr\u00f3nico en michellemeyerj@gmail.com.<\/p>\n\n\n\n<p>Una de las prioridades de www.michelleonbell.com (en adelante, michelleonbell) es respetar la privacidad de sus usuarios y mantener segura la informaci\u00f3n y los datos personales que recolecta.<\/p>\n\n\n\n<p>Su informaci\u00f3n personal ser\u00e1 utilizada para proveer los servicios y productos que ha solicitado, informarle sobre cambios en los mismos y evaluar la calidad del servicio que le brindamos. Para las finalidades antes mencionadas, requerimos obtener&nbsp; datos personales que los usuarios del sitio capturan de manera voluntaria en nuestros formularios de captura.<\/p>\n\n\n\n<p><strong>DATOS PERSONALES<\/strong><\/p>\n\n\n\n<p>En michelleonbell recogemos informaci\u00f3n desde varias \u00e1reas de nuestro sitio web. La informaci\u00f3n que se solicita es distinta y se almacena en bases de datos separadas.<\/p>\n\n\n\n<p>La informaci\u00f3n deber\u00e1 ser veraz y completa. El usuario responder\u00e1 en todo momento por los datos proporcionados y en ning\u00fan caso michelleonbell ser\u00e1 responsable de los mismos.<\/p>\n\n\n\n<p><em>Entre la informaci\u00f3n solicitada al usuario en el sitio&nbsp;<\/em>www.michelleonbell.com&nbsp;<em>podr\u00eda incluirse:<\/em><\/p>\n\n\n\n<ul><li><em>Cuenta de correo electr\u00f3nico<\/em><\/li><li><em>Nombre completo<\/em><\/li><li><em>Tel\u00e9fono<\/em><\/li><li><em>Calle<\/em><\/li><li><em>Ciudad<\/em><\/li><li><em>Estado<\/em><\/li><li><em>C\u00f3digo postal<\/em><\/li><li><em>Pa\u00eds.<\/em><\/li><\/ul>\n\n\n\n<p>Para los casos en donde&nbsp; desee efectuar una compra en l\u00ednea, el sistema se conecta directamente con un sitio de transacci\u00f3n segura de tarjeta de cr\u00e9dito (como puede ser Paypal o alguno similar)&nbsp; en donde &nbsp;le solicitar\u00e1:<\/p>\n\n\n\n<ul><li>Datos de su tarjeta de cr\u00e9dito<\/li><li>Datos de direcci\u00f3n fiscal para facturaci\u00f3n<\/li><\/ul>\n\n\n\n<p>Dichos datos no quedan almacenados en nuestro sitio ni en ninguna de nuestras bases de datos ya que al ser capturados por los usuarios lo hacen directamente en el formulario de la empresa que hace la transacci\u00f3n electr\u00f3nica.<\/p>\n\n\n\n<p><strong>QU\u00c9 SON LOS COOKIES Y C\u00d3MO SE UTILIZAN<\/strong><\/p>\n\n\n\n<p>Nuestro sitio podr\u00edan utilizar herramientas como los cookies, web beacons o similares que son peque\u00f1as piezas de informaci\u00f3n que son enviadas por el sitio Web a su navegador y se almacenan en el disco duro de su equipo y se utilizan para determinar sus preferencias cuando se conecta a los servicios de nuestro sitio, as\u00ed como para rastrear determinados comportamientos o actividades llevadas a cabo por usted dentro de nuestro sitio.<\/p>\n\n\n\n<p>En algunas secciones de nuestro sitio requerimos que el cliente tenga habilitados los cookies ya que algunas de las funcionalidades requieren de \u00e9stas para trabajar. Los cookies nos permiten: a) reconocerlo al momento de entrar a nuestro sitio y ofrecerle de una experiencia personalizada, b) conocer la configuraci\u00f3n personal del sitio especificada por usted, por ejemplo, los cookies nos permiten detectar el ancho de banda que usted ha seleccionado al momento de ingresar al home page de nuestro sitio, de tal forma que sabemos qu\u00e9 tipo de informaci\u00f3n es aconsejable descargar, c) calcular el tama\u00f1o de nuestra audiencia y medir algunos par\u00e1metros de tr\u00e1fico, pues cada navegador que obtiene acceso a nuestro sitio adquiere un cookie que se usa para determinar la frecuencia de uso y las secciones del sitio visitadas, reflejando as\u00ed sus h\u00e1bitos y preferencias, informaci\u00f3n que nos es \u00fatil para mejorar el contenido, los titulares y las promociones para los usuarios. Los cookies tambi\u00e9n nos ayudan a rastrear algunas actividades, por ejemplo, en algunas de las encuestas que lanzamos en l\u00ednea, podemos utilizar cookies para detectar si el usuario ya ha llenado la encuesta y evitar desplegarla nuevamente, en caso de que lo haya hecho. Sin embargo, las cookies le permitir\u00e1n tomar ventaja de las caracter\u00edsticas m\u00e1s ben\u00e9ficas que le ofrecemos, por lo que le recomendamos que las deje activadas.<\/p>\n\n\n\n<p>La utilizaci\u00f3n de cookies no ser\u00e1 utilizada para identificar a los usuarios, con excepci\u00f3n de los casos en que se investiguen posibles actividades fraudulentas.<\/p>\n\n\n\n<p><strong>USO DE LA INFORMACI\u00d3N<\/strong><\/p>\n\n\n\n<p>La informaci\u00f3n solicitada permite a michelleonbell contactar a los usuarios cuando sea necesario as\u00ed como completar los datos necesarios para proveerles acceso restringido a ciertas secciones de informaci\u00f3n de nuestro sitio, en los casos de p\u00e1ginas en donde hacemos venta en l\u00ednea, algunos de estos datos permiten identificar al usuario\/comprador para enviar sus datos hacia la entidad que procesa el pago, como puede ser un banco nacional o un servicio de pago en l\u00ednea como Paypal.<br>.<br>Siempre usaremos &nbsp;la informaci\u00f3n obtenida para:<\/p>\n\n\n\n<ul><li><em>Procurar un servicio eficiente<\/em><\/li><li><em>Informar sobre nuevos productos o servicios que est\u00e9n relacionados con el contratado o adquirido por el cliente<\/em><\/li><li><em>Dar cumplimiento a obligaciones contra\u00eddas con nuestros clientes<\/em><\/li><li><em>Informar sobre cambios de nuestros productos o servicios<\/em><\/li><li><em>Proveer una mejor atenci\u00f3n al usuario.<\/em><\/li><li><em>Procesar solicitudes de pago electr\u00f3nico<\/em><\/li><\/ul>\n\n\n\n<p><strong>LIMITACI\u00d3N DE USO Y DIVULGACI\u00d3N DE INFORMACI\u00d3N<\/strong><\/p>\n\n\n\n<p>En nuestro programa de notificaci\u00f3n de promociones, ofertas y servicios a trav\u00e9s de correo electr\u00f3nico, s\u00f3lo michelleonbell tiene acceso a la informaci\u00f3n recabada, la cual no es compartida con ninguna entidad externa a michelleonbell. Cuando llegamos a enviar mensajes promocionales por correo electr\u00f3nico, s\u00f3lo ser\u00e1n enviados a usted y a aquellos contactos registrados para tal prop\u00f3sito, esta indicaci\u00f3n podr\u00e1 usted modificarla en cualquier momento. En los correos electr\u00f3nicos enviados, pueden incluirse ofertas de terceras partes que sean nuestros socios comerciales.<\/p>\n\n\n\n<p>En el caso de empleo de cookies, el bot\u00f3n de \u00abayuda\u00bb que se encuentra en la barra de herramientas de la mayor\u00eda de los navegadores, le dir\u00e1 c\u00f3mo evitar aceptar nuevos cookies, c\u00f3mo hacer que el navegador le notifique cuando recibe un nuevo cookie o c\u00f3mo deshabilitar todos los cookies.<\/p>\n\n\n\n<p><strong>DERECHOS ARCO (ACCESO, RECTIFICACI\u00d3N, CANCELACI\u00d3N Y OPOSICI\u00d3N)<\/strong><\/p>\n\n\n\n<p>Los datos personales proporcionados por el usuario formar\u00e1n parte de un archivo que contendr\u00e1 su perfil. El usuario puede acceder o modificar su perfil en cualquier momento utilizando su n\u00famero de usuario\/socio o envi\u00e1ndonos un correo a &nbsp;michellemeyerj@gmail.com.<\/p>\n\n\n\n<p><strong>TRANSFERENCIAS DE INFORMACI\u00d3N CON TERCEROS y PROTECCION<\/strong><\/p>\n\n\n\n<p>michelleonbell \u00fanicamente realiza transferencias de informaci\u00f3n con las empresas de procesamiento de pagos como bancos o procesadores independientes como Paypal y \u00fanicamente lo hace en las p\u00e1ginas que tienen una opci\u00f3n para compra en l\u00ednea y bajo los est\u00e1ndares de seguridad establecidos por las instituciones financieras. La seguridad y la confidencialidad de los datos que los usuarios proporcionen al contratar un servicio o comprar un producto en l\u00ednea estar\u00e1n protegidos por un servidor seguro bajo el protocolo Secure Socket Layer (SSL), de tal forma que los datos enviados se transmitir\u00e1n encriptados para asegurar su resguardo.<\/p>\n\n\n\n<p>Para verificar que se encuentra en un entorno protegido aseg\u00farese de que aparezca una S en la barra de navegaci\u00f3n. Ejemplo: httpS:\/\/.<\/p>\n\n\n\n<p>Sin embargo, y a pesar de contar cada d\u00eda con herramientas m\u00e1s seguras, la protecci\u00f3n de los datos enviados a trav\u00e9s de Internet no se puede garantizar al 100%; por lo que una vez recibidos, se har\u00e1 todo lo posible por salvaguardar la informaci\u00f3n.<\/p>\n\n\n\n<p>En las p\u00e1ginas en las que no se incluye una opci\u00f3n de cobro en l\u00ednea de ning\u00fan servicio, no existe tal transferencia de informaci\u00f3n.<\/p>\n\n\n\n<p><strong>CAMBIOS EN EL AVISO DE PRIVACIDAD<\/strong><\/p>\n\n\n\n<p>Nos reservamos el derecho de efectuar en cualquier momento modificaciones o actualizaciones al presente aviso de privacidad, para la atenci\u00f3n de novedades legislativas o jurisprudenciales, pol\u00edticas internas, nuevos requerimientos para la prestaci\u00f3n u ofrecimiento de nuestros servicios o productos y pr\u00e1cticas del mercado.<\/p>\n\n\n\n<p>Estas modificaciones estar\u00e1n disponibles al p\u00fablico a trav\u00e9s de esta &nbsp;p\u00e1gina de Internet en la secci\u00f3n de privacidad.<br>La fecha de la \u00faltima actualizaci\u00f3n al presente aviso de privacidad: 19 de agosto de 2016.<\/p>\n\n\n\n<p><strong>ACEPTACI\u00d3N DE LOS T\u00c9RMINOS<\/strong><\/p>\n\n\n\n<p>Esta declaraci\u00f3n de Confidencialidad \/ Privacidad est\u00e1 sujeta a los t\u00e9rminos y condiciones del sitio web de michelleonbell antes descritos, lo cual constituye un acuerdo legal entre el usuario y michelleonbell.<\/p>\n\n\n\n<p>Si el usuario utiliza los servicios del sitio de michelleonbell, significa que ha le\u00eddo, entendido y acordado los t\u00e9rminos antes expuestos. Si no est\u00e1 de acuerdo con ellos, el usuario no deber\u00e1 proporcionar ninguna informaci\u00f3n personal, ni utilizar los servicios del sitio de michelleonbell .<\/p>\n","protected":false},"excerpt":{"rendered":"<p>El aviso de privacidad forma parte del uso del sitio web www.michelleonbell.com RESPONSABLE La responsabilidad de protecci&oacute;n de est&aacute; a cargo de Michelle Meyer que puede ser contactada por correo&hellip;<\/p>\n","protected":false},"author":1,"featured_media":0,"parent":0,"menu_order":0,"comment_status":"closed","ping_status":"closed","template":"","meta":{"_exactmetrics_skip_tracking":false,"_exactmetrics_sitenote_active":false,"_exactmetrics_sitenote_note":"","_exactmetrics_sitenote_category":0},"yoast_head":"<!-- This site is optimized with the Yoast SEO plugin v16.4 - https:\/\/yoast.com\/wordpress\/plugins\/seo\/ -->\n<title>Aviso de Privacidad - Michelle on Bell<\/title>\n<meta name=\"robots\" content=\"index, follow, max-snippet:-1, max-image-preview:large, max-video-preview:-1\" \/>\n<link rel=\"canonical\" href=\"https:\/\/www.michelleonbell.com\/blog\/privacy-policy\/\" \/>\n<meta property=\"og:locale\" content=\"es_ES\" \/>\n<meta property=\"og:type\" content=\"article\" \/>\n<meta property=\"og:title\" content=\"Aviso de Privacidad - Michelle on Bell\" \/>\n<meta property=\"og:description\" content=\"El aviso de privacidad forma parte del uso del sitio web www.michelleonbell.com RESPONSABLE La responsabilidad de protecci&oacute;n de est&aacute; a cargo de Michelle Meyer que puede ser contactada por correo&hellip;\" \/>\n<meta property=\"og:url\" content=\"https:\/\/www.michelleonbell.com\/blog\/privacy-policy\/\" \/>\n<meta property=\"og:site_name\" content=\"Michelle on Bell\" \/>\n<meta property=\"article:publisher\" content=\"https:\/\/www.facebook.com\/michelleonbell\/\" \/>\n<meta property=\"article:modified_time\" content=\"2021-03-09T21:58:23+00:00\" \/>\n<meta property=\"og:image\" content=\"https:\/\/www.michelleonbell.com\/blog\/wp-content\/uploads\/2021\/05\/logo-mob-cropped.png\" \/>\n\t<meta property=\"og:image:width\" content=\"200\" \/>\n\t<meta property=\"og:image:height\" content=\"200\" \/>\n<meta name=\"twitter:card\" content=\"summary_large_image\" \/>\n<meta name=\"twitter:site\" content=\"@michelleonbell\" \/>\n<meta name=\"twitter:label1\" content=\"Tiempo de lectura\" \/>\n\t<meta name=\"twitter:data1\" content=\"7 minutos\" \/>\n<script type=\"application\/ld+json\" class=\"yoast-schema-graph\">{\"@context\":\"https:\/\/schema.org\",\"@graph\":[{\"@type\":\"Organization\",\"@id\":\"https:\/\/www.michelleonbell.com\/blog\/#organization\",\"name\":\"Michelle Meyer\",\"url\":\"https:\/\/www.michelleonbell.com\/blog\/\",\"sameAs\":[\"https:\/\/www.facebook.com\/michelleonbell\/\",\"https:\/\/www.instagram.com\/michelleonbell\/\",\"https:\/\/twitter.com\/michelleonbell\"],\"logo\":{\"@type\":\"ImageObject\",\"@id\":\"https:\/\/www.michelleonbell.com\/blog\/#logo\",\"inLanguage\":\"es\",\"url\":\"https:\/\/www.michelleonbell.com\/blog\/wp-content\/uploads\/2021\/05\/logo-mob-cropped.png\",\"contentUrl\":\"https:\/\/www.michelleonbell.com\/blog\/wp-content\/uploads\/2021\/05\/logo-mob-cropped.png\",\"width\":200,\"height\":200,\"caption\":\"Michelle Meyer\"},\"image\":{\"@id\":\"https:\/\/www.michelleonbell.com\/blog\/#logo\"}},{\"@type\":\"WebSite\",\"@id\":\"https:\/\/www.michelleonbell.com\/blog\/#website\",\"url\":\"https:\/\/www.michelleonbell.com\/blog\/\",\"name\":\"Michelle on Bell\",\"description\":\"PR Professional, Specialized in Hospitality &amp; Tourism, World Traveler, Foodie, Runner\",\"publisher\":{\"@id\":\"https:\/\/www.michelleonbell.com\/blog\/#organization\"},\"potentialAction\":[{\"@type\":\"SearchAction\",\"target\":\"https:\/\/www.michelleonbell.com\/blog\/?s={search_term_string}\",\"query-input\":\"required name=search_term_string\"}],\"inLanguage\":\"es\"},{\"@type\":\"WebPage\",\"@id\":\"https:\/\/www.michelleonbell.com\/blog\/privacy-policy\/#webpage\",\"url\":\"https:\/\/www.michelleonbell.com\/blog\/privacy-policy\/\",\"name\":\"Aviso de Privacidad - Michelle on Bell\",\"isPartOf\":{\"@id\":\"https:\/\/www.michelleonbell.com\/blog\/#website\"},\"datePublished\":\"2021-02-22T17:13:59+00:00\",\"dateModified\":\"2021-03-09T21:58:23+00:00\",\"breadcrumb\":{\"@id\":\"https:\/\/www.michelleonbell.com\/blog\/privacy-policy\/#breadcrumb\"},\"inLanguage\":\"es\",\"potentialAction\":[{\"@type\":\"ReadAction\",\"target\":[\"https:\/\/www.michelleonbell.com\/blog\/privacy-policy\/\"]}]},{\"@type\":\"BreadcrumbList\",\"@id\":\"https:\/\/www.michelleonbell.com\/blog\/privacy-policy\/#breadcrumb\",\"itemListElement\":[{\"@type\":\"ListItem\",\"position\":1,\"item\":{\"@type\":\"WebPage\",\"@id\":\"https:\/\/www.michelleonbell.com\/blog\/\",\"url\":\"https:\/\/www.michelleonbell.com\/blog\/\",\"name\":\"Portada\"}},{\"@type\":\"ListItem\",\"position\":2,\"item\":{\"@id\":\"https:\/\/www.michelleonbell.com\/blog\/privacy-policy\/#webpage\"}}]}]}<\/script>\n<!-- \/ Yoast SEO plugin. -->","_links":{"self":[{"href":"https:\/\/www.michelleonbell.com\/blog\/wp-json\/wp\/v2\/pages\/1462"}],"collection":[{"href":"https:\/\/www.michelleonbell.com\/blog\/wp-json\/wp\/v2\/pages"}],"about":[{"href":"https:\/\/www.michelleonbell.com\/blog\/wp-json\/wp\/v2\/types\/page"}],"author":[{"embeddable":true,"href":"https:\/\/www.michelleonbell.com\/blog\/wp-json\/wp\/v2\/users\/1"}],"replies":[{"embeddable":true,"href":"https:\/\/www.michelleonbell.com\/blog\/wp-json\/wp\/v2\/comments?post=1462"}],"version-history":[{"count":1,"href":"https:\/\/www.michelleonbell.com\/blog\/wp-json\/wp\/v2\/pages\/1462\/revisions"}],"predecessor-version":[{"id":1463,"href":"https:\/\/www.michelleonbell.com\/blog\/wp-json\/wp\/v2\/pages\/1462\/revisions\/1463"}],"wp:attachment":[{"href":"https:\/\/www.michelleonbell.com\/blog\/wp-json\/wp\/v2\/media?parent=1462"}],"curies":[{"name":"wp","href":"https:\/\/api.w.org\/{rel}","templated":true}]}}